{"id":1369,"date":"2025-07-02T16:10:11","date_gmt":"2025-07-02T16:10:11","guid":{"rendered":"https:\/\/entelekia.cat\/?page_id=1369"},"modified":"2025-07-04T08:44:28","modified_gmt":"2025-07-04T08:44:28","slug":"nosotros","status":"publish","type":"page","link":"https:\/\/entelekia.cat\/es\/nosotros\/","title":{"rendered":"Quienes somos"},"content":{"rendered":"<div data-elementor-type=\"wp-post\" data-elementor-id=\"1369\" class=\"elementor elementor-1369\" data-elementor-post-type=\"page\">\n\t\t\t\t\t\t<section class=\"elementor-section elementor-top-section elementor-element elementor-element-39632316 elementor-section-boxed elementor-section-height-default elementor-section-height-default\" data-id=\"39632316\" data-element_type=\"section\" data-e-type=\"section\" data-settings=\"{&quot;background_background&quot;:&quot;classic&quot;,&quot;ekit_has_onepagescroll_dot&quot;:&quot;yes&quot;}\">\n\t\t\t\t\t\t\t<div class=\"elementor-background-overlay\"><\/div>\n\t\t\t\t\t\t\t<div class=\"elementor-container elementor-column-gap-default\">\n\t\t\t\t\t<div class=\"elementor-column elementor-col-100 elementor-top-column elementor-element elementor-element-363d5212\" data-id=\"363d5212\" data-element_type=\"column\" data-e-type=\"column\" data-settings=\"{&quot;background_background&quot;:&quot;classic&quot;}\">\n\t\t\t<div class=\"elementor-widget-wrap elementor-element-populated\">\n\t\t\t\t\t\t<div class=\"elementor-element elementor-element-6bc748e9 elementor-invisible elementor-widget elementor-widget-heading\" data-id=\"6bc748e9\" data-element_type=\"widget\" data-e-type=\"widget\" data-settings=\"{&quot;_animation&quot;:&quot;rollIn&quot;,&quot;ekit_we_effect_on&quot;:&quot;none&quot;}\" data-widget_type=\"heading.default\">\n\t\t\t\t<div class=\"elementor-widget-container\">\n\t\t\t\t\t<h1 class=\"elementor-heading-title elementor-size-default\">Con\u00f3cenos: qui\u00e9nes somos y c\u00f3mo trabajamos<\/h1>\t\t\t\t<\/div>\n\t\t\t\t<\/div>\n\t\t\t\t<section class=\"elementor-section elementor-inner-section elementor-element elementor-element-11f0f8a elementor-section-boxed elementor-section-height-default elementor-section-height-default\" data-id=\"11f0f8a\" data-element_type=\"section\" data-e-type=\"section\" data-settings=\"{&quot;ekit_has_onepagescroll_dot&quot;:&quot;yes&quot;}\">\n\t\t\t\t\t\t\t<div class=\"elementor-background-overlay\"><\/div>\n\t\t\t\t\t\t\t<div class=\"elementor-container elementor-column-gap-default\">\n\t\t\t\t\t<div class=\"elementor-column elementor-col-100 elementor-inner-column elementor-element elementor-element-aa7eacd\" data-id=\"aa7eacd\" data-element_type=\"column\" data-e-type=\"column\">\n\t\t\t<div class=\"elementor-widget-wrap elementor-element-populated\">\n\t\t\t\t\t\t<div class=\"elementor-element elementor-element-0646854 elementor-widget elementor-widget-text-editor\" data-id=\"0646854\" data-element_type=\"widget\" data-e-type=\"widget\" data-settings=\"{&quot;ekit_we_effect_on&quot;:&quot;none&quot;}\" data-widget_type=\"text-editor.default\">\n\t\t\t\t<div class=\"elementor-widget-container\">\n\t\t\t\t\t\t\t\t\t<p data-start=\"179\" data-end=\"385\" class=\"translation-block\">Somos un equipo apasionado por el <strong>dise\u00f1o web y la comunicaci\u00f3n digital<\/strong>. Acompa\u00f1amos a aut\u00f3nomos, peque\u00f1as empresas y emprendedores a tener una <strong>presencia online atractiva, funcional y que conecte con sus clientes.<\/strong><\/p><p data-start=\"387\" data-end=\"578\" class=\"translation-block\">Creemos en <strong>la cercan\u00eda, la confianza y el trato personalizado<\/strong>. Nos gusta <strong>escucharte, entender qu\u00e9 necesitas y trabajar juntos<\/strong> para conseguir una web que hable de ti y de tu negocio.<\/p>\t\t\t\t\t\t\t\t<\/div>\n\t\t\t\t<\/div>\n\t\t\t\t<div class=\"elementor-element elementor-element-12eceaf elementor-widget elementor-widget-elementskit-creative-button\" data-id=\"12eceaf\" data-element_type=\"widget\" data-e-type=\"widget\" data-settings=\"{&quot;ekit_we_effect_on&quot;:&quot;none&quot;}\" data-widget_type=\"elementskit-creative-button.default\">\n\t\t\t\t<div class=\"elementor-widget-container\">\n\t\t\t\t\t<div class=\"ekit-wid-con\" >\t\t<div class=\"ekit-btn-wraper\">\n\t\t\t\t\t\t\t\t<a href=\"#contactar\" class=\"ekit_creative_button ekit_slide_bg ekit_slide_text_left ekit_slide_icon\" id=\"\" data-text=\"\">\n\n\t\t\t\t\t\t\n\t\t\t\t\t\t<span class=\"ekit_creative_button_text\"> \u00bfHablamos? \n\u00a1Estaremos encantados de conocerte!<\/span>\n\n\t\t\t\t\t\t\t\t\t\t\t\t\t\t\t\t\t<\/a>\n\t\t\t\t\t\t<\/div>\n        <\/div>\t\t\t\t<\/div>\n\t\t\t\t<\/div>\n\t\t\t\t\t<\/div>\n\t\t<\/div>\n\t\t\t\t\t<\/div>\n\t\t<\/section>\n\t\t\t\t\t<\/div>\n\t\t<\/div>\n\t\t\t\t\t<\/div>\n\t\t<\/section>\n\t\t\t\t<section class=\"elementor-section elementor-top-section elementor-element elementor-element-33f3d07 elementor-section-boxed elementor-section-height-default elementor-section-height-default\" data-id=\"33f3d07\" data-element_type=\"section\" data-e-type=\"section\" data-settings=\"{&quot;background_background&quot;:&quot;classic&quot;,&quot;shape_divider_top&quot;:&quot;triangle&quot;,&quot;shape_divider_bottom&quot;:&quot;tilt&quot;,&quot;ekit_has_onepagescroll_dot&quot;:&quot;yes&quot;}\">\n\t\t\t\t\t<div class=\"elementor-shape elementor-shape-top\" aria-hidden=\"true\" data-negative=\"false\">\n\t\t\t<svg xmlns=\"http:\/\/www.w3.org\/2000\/svg\" viewbox=\"0 0 1000 100\" preserveaspectratio=\"none\">\n\t<path class=\"elementor-shape-fill\" d=\"M500,98.9L0,6.1V0h1000v6.1L500,98.9z\"\/>\n<\/svg>\t\t<\/div>\n\t\t\t\t<div class=\"elementor-shape elementor-shape-bottom\" aria-hidden=\"true\" data-negative=\"false\">\n\t\t\t<svg xmlns=\"http:\/\/www.w3.org\/2000\/svg\" viewbox=\"0 0 1000 100\" preserveaspectratio=\"none\">\n\t<path class=\"elementor-shape-fill\" d=\"M0,6V0h1000v100L0,6z\"\/>\n<\/svg>\t\t<\/div>\n\t\t\t\t\t<div class=\"elementor-container elementor-column-gap-default\">\n\t\t\t\t\t<div class=\"elementor-column elementor-col-100 elementor-top-column elementor-element elementor-element-ab8db61\" data-id=\"ab8db61\" data-element_type=\"column\" data-e-type=\"column\" data-settings=\"{&quot;background_background&quot;:&quot;classic&quot;}\">\n\t\t\t<div class=\"elementor-widget-wrap elementor-element-populated\">\n\t\t\t\t\t<div class=\"elementor-background-overlay\"><\/div>\n\t\t\t\t\t\t<div class=\"elementor-element elementor-element-49924fa elementor-invisible elementor-widget elementor-widget-heading\" data-id=\"49924fa\" data-element_type=\"widget\" data-e-type=\"widget\" data-settings=\"{&quot;_animation&quot;:&quot;rollIn&quot;,&quot;ekit_we_effect_on&quot;:&quot;none&quot;}\" data-widget_type=\"heading.default\">\n\t\t\t\t<div class=\"elementor-widget-container\">\n\t\t\t\t\t<h3 class=\"elementor-heading-title elementor-size-default\">Nos mueve el dise\u00f1o, pero sobre todo las personas.<\/h3>\t\t\t\t<\/div>\n\t\t\t\t<\/div>\n\t\t\t\t<div class=\"elementor-element elementor-element-c622514 elementor-widget elementor-widget-text-editor\" data-id=\"c622514\" data-element_type=\"widget\" data-e-type=\"widget\" data-settings=\"{&quot;ekit_we_effect_on&quot;:&quot;none&quot;}\" data-widget_type=\"text-editor.default\">\n\t\t\t\t<div class=\"elementor-widget-container\">\n\t\t\t\t\t\t\t\t\t<p data-start=\"261\" data-end=\"616\" class=\"translation-block\">En Entel\u00e8kia creemos que cada proyecto es una <strong>oportunidad para crecer junto a nuestros clientes<\/strong>. Somos un equipo peque\u00f1o, pero con grandes ideas, formado por profesionales del <strong>dise\u00f1o web, el marketing digital y la comunicaci\u00f3n<\/strong>. Nos apasiona ayudar a peque\u00f1as empresas, aut\u00f3nomos y emprendedores a tener una <strong>presencia online atractiva, funcional y efectiva<\/strong>.<\/p><p data-start=\"618\" data-end=\"941\" class=\"translation-block\">Desde el primer d\u00eda, trabajaremos codo a codo para entender tu visi\u00f3n y transformarla en <strong>una web que realmente hable de tu negocio.<\/strong> Nos gusta cuidar cada detalle: desde el dise\u00f1o gr\u00e1fico hasta el contenido y el posicionamiento SEO, para que tu web no solo sea bonita, sino que tambi\u00e9n funcione y te ayude a crecer.<\/p><p data-start=\"943\" data-end=\"1177\" class=\"translation-block\">La cercan\u00eda y la transparencia son nuestros valores. <strong>Te escuchamos, te asesoramos y te acompa\u00f1amos<\/strong> durante todo el proceso. Y si despu\u00e9s necesitas mantenimiento, actualizaciones o nuevas funcionalidades, seguimos a tu lado para hacerlo f\u00e1cil.<\/p><p data-start=\"1179\" data-end=\"1357\" class=\"translation-block\">Si quieres saber m\u00e1s sobre nosotros o conocernos mejor, no dudes en <strong><a href=\"#contactar\" target=\"_self\">contactarnos<\/a><\/strong>. Estaremos encantados de compartir un caf\u00e9 (\u00a1virtual o presencial!) y hablar de tu proyecto.<\/p>\t\t\t\t\t\t\t\t<\/div>\n\t\t\t\t<\/div>\n\t\t\t\t\t<\/div>\n\t\t<\/div>\n\t\t\t\t\t<\/div>\n\t\t<\/section>\n\t\t\t\t<section class=\"elementor-section elementor-top-section elementor-element elementor-element-5d4e295 elementor-section-boxed elementor-section-height-default elementor-section-height-default\" data-id=\"5d4e295\" data-element_type=\"section\" data-e-type=\"section\" data-settings=\"{&quot;ekit_has_onepagescroll_dot&quot;:&quot;yes&quot;}\">\n\t\t\t\t\t\t<div class=\"elementor-container elementor-column-gap-default\">\n\t\t\t\t\t<div class=\"elementor-column elementor-col-100 elementor-top-column elementor-element elementor-element-d698431\" data-id=\"d698431\" data-element_type=\"column\" data-e-type=\"column\">\n\t\t\t<div class=\"elementor-widget-wrap elementor-element-populated\">\n\t\t\t\t\t\t<div class=\"elementor-element elementor-element-bf4a070 elementor-widget__width-initial elementor-widget elementor-widget-text-editor\" data-id=\"bf4a070\" data-element_type=\"widget\" data-e-type=\"widget\" data-settings=\"{&quot;ekit_we_effect_on&quot;:&quot;none&quot;}\" data-widget_type=\"text-editor.default\">\n\t\t\t\t<div class=\"elementor-widget-container\">\n\t\t\t\t\t\t\t\t\t<p>Si buscas a alguien cercano, claro y transparente\u2026 \u00a1somos nosotros!<\/p>\t\t\t\t\t\t\t\t<\/div>\n\t\t\t\t<\/div>\n\t\t\t\t<div class=\"elementor-element elementor-element-bd285e1 elementor-widget elementor-widget-elementskit-creative-button\" data-id=\"bd285e1\" data-element_type=\"widget\" data-e-type=\"widget\" data-settings=\"{&quot;ekit_we_effect_on&quot;:&quot;none&quot;}\" data-widget_type=\"elementskit-creative-button.default\">\n\t\t\t\t<div class=\"elementor-widget-container\">\n\t\t\t\t\t<div class=\"ekit-wid-con\" >\t\t<div class=\"ekit-btn-wraper\">\n\t\t\t\t\t\t\t\t<a href=\"#contactar\" class=\"ekit_creative_button ekit_slide_bg ekit_slide_text_left ekit_slide_icon\" id=\"\" data-text=\"\">\n\n\t\t\t\t\t\t\t\t\t\t\t\t\t<i aria-hidden=\"true\" class=\"ekit_creative_button_icon_before icon icon-right-arrow\"><\/i>\t\t\t\t\t\t\n\t\t\t\t\t\t<span class=\"ekit_creative_button_text\">Contacta y empezamos hoy mismo<\/span>\n\n\t\t\t\t\t\t\t\t\t\t\t\t\t\t\t\t\t<\/a>\n\t\t\t\t\t\t<\/div>\n        <\/div>\t\t\t\t<\/div>\n\t\t\t\t<\/div>\n\t\t\t\t\t<\/div>\n\t\t<\/div>\n\t\t\t\t\t<\/div>\n\t\t<\/section>\n\t\t\t\t<section class=\"elementor-section elementor-top-section elementor-element elementor-element-e9139e8 elementor-section-height-min-height elementor-section-boxed elementor-section-height-default elementor-section-items-middle\" data-id=\"e9139e8\" data-element_type=\"section\" data-e-type=\"section\" data-settings=\"{&quot;shape_divider_bottom&quot;:&quot;opacity-fan&quot;,&quot;ekit_has_onepagescroll_dot&quot;:&quot;yes&quot;}\">\n\t\t\t\t\t\t\t<div class=\"elementor-background-overlay\"><\/div>\n\t\t\t\t\t\t<div class=\"elementor-shape elementor-shape-bottom\" aria-hidden=\"true\" data-negative=\"false\">\n\t\t\t<svg xmlns=\"http:\/\/www.w3.org\/2000\/svg\" viewbox=\"0 0 283.5 19.6\" preserveaspectratio=\"none\">\n\t<path class=\"elementor-shape-fill\" style=\"opacity:0.33\" d=\"M0 0L0 18.8 141.8 4.1 283.5 18.8 283.5 0z\"\/>\n\t<path class=\"elementor-shape-fill\" style=\"opacity:0.33\" d=\"M0 0L0 12.6 141.8 4 283.5 12.6 283.5 0z\"\/>\n\t<path class=\"elementor-shape-fill\" style=\"opacity:0.33\" d=\"M0 0L0 6.4 141.8 4 283.5 6.4 283.5 0z\"\/>\n\t<path class=\"elementor-shape-fill\" d=\"M0 0L0 1.2 141.8 4 283.5 1.2 283.5 0z\"\/>\n<\/svg>\t\t<\/div>\n\t\t\t\t\t<div class=\"elementor-container elementor-column-gap-default\">\n\t\t\t\t\t<div class=\"elementor-column elementor-col-100 elementor-top-column elementor-element elementor-element-b10fbda\" data-id=\"b10fbda\" data-element_type=\"column\" data-e-type=\"column\" data-settings=\"{&quot;background_background&quot;:&quot;classic&quot;}\">\n\t\t\t<div class=\"elementor-widget-wrap elementor-element-populated\">\n\t\t\t\t\t<div class=\"elementor-background-overlay\"><\/div>\n\t\t\t\t\t\t<div class=\"elementor-element elementor-element-1e45892 elementor-invisible elementor-widget elementor-widget-heading\" data-id=\"1e45892\" data-element_type=\"widget\" data-e-type=\"widget\" data-settings=\"{&quot;_animation&quot;:&quot;zoomIn&quot;,&quot;ekit_we_effect_on&quot;:&quot;none&quot;}\" data-widget_type=\"heading.default\">\n\t\t\t\t<div class=\"elementor-widget-container\">\n\t\t\t\t\t<h2 class=\"elementor-heading-title elementor-size-default\">Nuestros principios<\/h2>\t\t\t\t<\/div>\n\t\t\t\t<\/div>\n\t\t\t\t<div class=\"elementor-element elementor-element-97cb0ce elementor-widget-divider--view-line_text elementor-widget-divider--element-align-center elementor-widget elementor-widget-divider\" data-id=\"97cb0ce\" data-element_type=\"widget\" data-e-type=\"widget\" data-settings=\"{&quot;ekit_we_effect_on&quot;:&quot;none&quot;}\" data-widget_type=\"divider.default\">\n\t\t\t\t<div class=\"elementor-widget-container\">\n\t\t\t\t\t\t\t<div class=\"elementor-divider\">\n\t\t\t<span class=\"elementor-divider-separator\">\n\t\t\t\t\t\t\t<span class=\"elementor-divider__text elementor-divider__element\">\n\t\t\t\t\u00e8\t\t\t\t<\/span>\n\t\t\t\t\t\t<\/span>\n\t\t<\/div>\n\t\t\t\t\t\t<\/div>\n\t\t\t\t<\/div>\n\t\t\t\t<div class=\"elementor-element elementor-element-85bc1e4 elementor-widget__width-initial elementor-widget elementor-widget-text-editor\" data-id=\"85bc1e4\" data-element_type=\"widget\" data-e-type=\"widget\" data-settings=\"{&quot;ekit_we_effect_on&quot;:&quot;none&quot;}\" data-widget_type=\"text-editor.default\">\n\t\t\t\t<div class=\"elementor-widget-container\">\n\t\t\t\t\t\t\t\t\t<p data-start=\"177\" data-end=\"543\" class=\"translation-block\">En Entel\u00e8kia tenemos claro que nuestro trabajo debe estar alineado con valores muy claros: proximidad, confianza y compromiso con nuestros clientes y con nuestra comunidad. Apostamos por ofrecer <strong>precios asequibles<\/strong> y transparentes, porque creemos que tener una web profesional deber\u00eda estar al alcance de todos, independientemente del tama\u00f1o del negocio.<\/p><p data-start=\"177\" data-end=\"543\" class=\"translation-block\">Tambi\u00e9n tenemos muy claro que queremos hacer un trabajo digno y dar valor a nuestra experiencia y nuestro tiempo. Nuestros precios est\u00e1n ajustados al m\u00e1ximo para hacerlos accesibles a todos, por eso <strong> no aceptamos presiones ni regateos constantes<\/strong>. \u00bfUna peque\u00f1a negociaci\u00f3n? \u00a1Ning\u00fan problema! Pero siempre desde el respeto y la confianza mutua.<\/p><p data-start=\"177\" data-end=\"543\">Creemos que cuando hay buena sinton\u00eda, todo fluye mejor: t\u00fa recibes un servicio de calidad y nosotros podemos trabajar con motivaci\u00f3n, cuidando cada detalle para que tu web sea \u00fanica y te ayude a crecer.<\/p><p data-start=\"545\" data-end=\"858\" class=\"translation-block\">Defendemos y promovemos el uso del <strong>catal\u00e1n como lengua de trabajo<\/strong>, porque forma parte de nuestra identidad y de la manera en que nos comunicamos con nuestro entorno. Sin embargo, tambi\u00e9n estamos encantados de trabajar en otros idiomas para adaptarnos a las necesidades de cada cliente. Trabajamos para que cada proyecto refleje los valores y la personalidad de quien hay detr\u00e1s, con soluciones creativas, funcionales y 100% adaptadas.<\/p>\t\t\t\t\t\t\t\t<\/div>\n\t\t\t\t<\/div>\n\t\t\t\t<div class=\"elementor-element elementor-element-84d383c elementor-widget elementor-widget-elementskit-creative-button\" data-id=\"84d383c\" data-element_type=\"widget\" data-e-type=\"widget\" data-settings=\"{&quot;ekit_we_effect_on&quot;:&quot;none&quot;}\" data-widget_type=\"elementskit-creative-button.default\">\n\t\t\t\t<div class=\"elementor-widget-container\">\n\t\t\t\t\t<div class=\"ekit-wid-con\" >\t\t<div class=\"ekit-btn-wraper\">\n\t\t\t\t\t\t\t\t<a href=\"#contactar\" class=\"ekit_creative_button ekit_slide_bg ekit_slide_text_left ekit_slide_icon\" id=\"\" data-text=\"\">\n\n\t\t\t\t\t\t\t\t\t\t\t\t\t<i aria-hidden=\"true\" class=\"ekit_creative_button_icon_before icon icon-right-arrow\"><\/i>\t\t\t\t\t\t\n\t\t\t\t\t\t<span class=\"ekit_creative_button_text\">\u00bfQuieres crecer con nosotros?<\/span>\n\n\t\t\t\t\t\t\t\t\t\t\t\t\t\t\t\t\t<\/a>\n\t\t\t\t\t\t<\/div>\n        <\/div>\t\t\t\t<\/div>\n\t\t\t\t<\/div>\n\t\t\t\t\t<\/div>\n\t\t<\/div>\n\t\t\t\t\t<\/div>\n\t\t<\/section>\n\t\t\t\t<\/div>","protected":false},"excerpt":{"rendered":"<p>Coneix-nos: qui som i com treballem Som un equip apassionat pel disseny web i la comunicaci\u00f3 digital. Acompanyem aut\u00f2noms, petites empreses i emprenedors a tenir una pres\u00e8ncia online atractiva, funcional i que connecti amb els seus clients. Creiem en la proximitat, la confian\u00e7a i el tracte personalitzat. Ens agrada escoltar-te, entendre qu\u00e8 necessites i treballar [&hellip;]<\/p>\n","protected":false},"author":1,"featured_media":10,"parent":0,"menu_order":0,"comment_status":"closed","ping_status":"closed","template":"","meta":{"footnotes":""},"class_list":["post-1369","page","type-page","status-publish","has-post-thumbnail","hentry"],"yoast_head":"<!-- This site is optimized with the Yoast SEO Premium plugin v22.9 (Yoast SEO v26.9) - https:\/\/yoast.com\/product\/yoast-seo-premium-wordpress\/ -->\n<title>Qu\u00ed Som - Entel\u00e8kia<\/title>\n<meta name=\"description\" content=\"Darrere de cada web hi ha una hist\u00f2ria \u00fanica i ens encanta explicar-la i fer-la cr\u00e9ixer. Ens apassiona ajudar a tenir una pres\u00e8ncia online atractiva, funcional i efectiva.\" \/>\n<meta name=\"robots\" content=\"index, follow, max-snippet:-1, max-image-preview:large, max-video-preview:-1\" \/>\n<link rel=\"canonical\" href=\"https:\/\/entelekia.cat\/es\/nosotros\/\" \/>\n<meta property=\"og:locale\" content=\"es_ES\" \/>\n<meta property=\"og:type\" content=\"article\" \/>\n<meta property=\"og:title\" content=\"Qu\u00ed Som\" \/>\n<meta property=\"og:description\" content=\"Darrere de cada web hi ha una hist\u00f2ria \u00fanica i ens encanta explicar-la i fer-la cr\u00e9ixer. Ens apassiona ajudar a tenir una pres\u00e8ncia online atractiva, funcional i efectiva.\" \/>\n<meta property=\"og:url\" content=\"https:\/\/entelekia.cat\/es\/nosotros\/\" \/>\n<meta property=\"og:site_name\" content=\"Entel\u00e8kia\" \/>\n<meta property=\"article:modified_time\" content=\"2025-07-04T08:44:28+00:00\" \/>\n<meta property=\"og:image\" content=\"https:\/\/entelekia.cat\/wp-content\/uploads\/2024\/02\/favicon-invers.png\" \/>\n\t<meta property=\"og:image:width\" content=\"600\" \/>\n\t<meta property=\"og:image:height\" content=\"600\" \/>\n\t<meta property=\"og:image:type\" content=\"image\/png\" \/>\n<meta name=\"twitter:card\" content=\"summary_large_image\" \/>\n<meta name=\"twitter:site\" content=\"@entelekiacat\" \/>\n<meta name=\"twitter:label1\" content=\"Tiempo de lectura\" \/>\n\t<meta name=\"twitter:data1\" content=\"3 minutos\" \/>\n<script type=\"application\/ld+json\" class=\"yoast-schema-graph\">{\"@context\":\"https:\/\/schema.org\",\"@graph\":[{\"@type\":\"WebPage\",\"@id\":\"https:\/\/entelekia.cat\/nosaltres\/\",\"url\":\"https:\/\/entelekia.cat\/nosaltres\/\",\"name\":\"Qu\u00ed Som - Entel\u00e8kia\",\"isPartOf\":{\"@id\":\"https:\/\/entelekia.cat\/#website\"},\"primaryImageOfPage\":{\"@id\":\"https:\/\/entelekia.cat\/nosaltres\/#primaryimage\"},\"image\":{\"@id\":\"https:\/\/entelekia.cat\/nosaltres\/#primaryimage\"},\"thumbnailUrl\":\"https:\/\/entelekia.cat\/wp-content\/uploads\/2024\/02\/favicon-invers.png\",\"datePublished\":\"2025-07-02T16:10:11+00:00\",\"dateModified\":\"2025-07-04T08:44:28+00:00\",\"description\":\"Darrere de cada web hi ha una hist\u00f2ria \u00fanica i ens encanta explicar-la i fer-la cr\u00e9ixer. Ens apassiona ajudar a tenir una pres\u00e8ncia online atractiva, funcional i efectiva.\",\"breadcrumb\":{\"@id\":\"https:\/\/entelekia.cat\/nosaltres\/#breadcrumb\"},\"inLanguage\":\"es\",\"potentialAction\":[{\"@type\":\"ReadAction\",\"target\":[\"https:\/\/entelekia.cat\/nosaltres\/\"]}]},{\"@type\":\"ImageObject\",\"inLanguage\":\"es\",\"@id\":\"https:\/\/entelekia.cat\/nosaltres\/#primaryimage\",\"url\":\"https:\/\/entelekia.cat\/wp-content\/uploads\/2024\/02\/favicon-invers.png\",\"contentUrl\":\"https:\/\/entelekia.cat\/wp-content\/uploads\/2024\/02\/favicon-invers.png\",\"width\":600,\"height\":600},{\"@type\":\"BreadcrumbList\",\"@id\":\"https:\/\/entelekia.cat\/nosaltres\/#breadcrumb\",\"itemListElement\":[{\"@type\":\"ListItem\",\"position\":1,\"name\":\"Inici\",\"item\":\"https:\/\/entelekia.cat\/\"},{\"@type\":\"ListItem\",\"position\":2,\"name\":\"Qu\u00ed Som\"}]},{\"@type\":\"WebSite\",\"@id\":\"https:\/\/entelekia.cat\/#website\",\"url\":\"https:\/\/entelekia.cat\/\",\"name\":\"Entel\u00e8kia\",\"description\":\"Estrat\u00e8gia  Digital\",\"publisher\":{\"@id\":\"https:\/\/entelekia.cat\/#organization\"},\"potentialAction\":[{\"@type\":\"SearchAction\",\"target\":{\"@type\":\"EntryPoint\",\"urlTemplate\":\"https:\/\/entelekia.cat\/?s={search_term_string}\"},\"query-input\":{\"@type\":\"PropertyValueSpecification\",\"valueRequired\":true,\"valueName\":\"search_term_string\"}}],\"inLanguage\":\"es\"},{\"@type\":\"Organization\",\"@id\":\"https:\/\/entelekia.cat\/#organization\",\"name\":\"Entel\u00e8kia\",\"url\":\"https:\/\/entelekia.cat\/\",\"logo\":{\"@type\":\"ImageObject\",\"inLanguage\":\"es\",\"@id\":\"https:\/\/entelekia.cat\/#\/schema\/logo\/image\/\",\"url\":\"https:\/\/entelekia.cat\/wp-content\/uploads\/2024\/02\/Logo_sensesombra.png\",\"contentUrl\":\"https:\/\/entelekia.cat\/wp-content\/uploads\/2024\/02\/Logo_sensesombra.png\",\"width\":828,\"height\":228,\"caption\":\"Entel\u00e8kia\"},\"image\":{\"@id\":\"https:\/\/entelekia.cat\/#\/schema\/logo\/image\/\"},\"sameAs\":[\"https:\/\/x.com\/entelekiacat\",\"https:\/\/www.instagram.com\/entelekia.cat\/\",\"https:\/\/www.linkedin.com\/in\/entelekia\"]}]}<\/script>\n<!-- \/ Yoast SEO Premium plugin. -->","yoast_head_json":{"title":"Qui\u00e9nes somos - Entel\u00e8kia","description":"Detr\u00e1s de cada web hay una historia \u00fanica y nos encanta contarla y hacerla crecer. Nos apasiona ayudar a tener una presencia online atractiva, funcional y efectiva.","robots":{"index":"index","follow":"follow","max-snippet":"max-snippet:-1","max-image-preview":"max-image-preview:large","max-video-preview":"max-video-preview:-1"},"canonical":"https:\/\/entelekia.cat\/es\/nosotros\/","og_locale":"es_ES","og_type":"article","og_title":"Qu\u00ed Som","og_description":"Darrere de cada web hi ha una hist\u00f2ria \u00fanica i ens encanta explicar-la i fer-la cr\u00e9ixer. Ens apassiona ajudar a tenir una pres\u00e8ncia online atractiva, funcional i efectiva.","og_url":"https:\/\/entelekia.cat\/es\/nosotros\/","og_site_name":"Entel\u00e8kia","article_modified_time":"2025-07-04T08:44:28+00:00","og_image":[{"width":600,"height":600,"url":"https:\/\/entelekia.cat\/wp-content\/uploads\/2024\/02\/favicon-invers.png","type":"image\/png"}],"twitter_card":"summary_large_image","twitter_site":"@entelekiacat","twitter_misc":{"Tiempo de lectura":"3 minutos"},"schema":{"@context":"https:\/\/schema.org","@graph":[{"@type":"WebPage","@id":"https:\/\/entelekia.cat\/nosaltres\/","url":"https:\/\/entelekia.cat\/nosaltres\/","name":"Qui\u00e9nes somos - Entel\u00e8kia","isPartOf":{"@id":"https:\/\/entelekia.cat\/#website"},"primaryImageOfPage":{"@id":"https:\/\/entelekia.cat\/nosaltres\/#primaryimage"},"image":{"@id":"https:\/\/entelekia.cat\/nosaltres\/#primaryimage"},"thumbnailUrl":"https:\/\/entelekia.cat\/wp-content\/uploads\/2024\/02\/favicon-invers.png","datePublished":"2025-07-02T16:10:11+00:00","dateModified":"2025-07-04T08:44:28+00:00","description":"Detr\u00e1s de cada web hay una historia \u00fanica y nos encanta contarla y hacerla crecer. Nos apasiona ayudar a tener una presencia online atractiva, funcional y efectiva.","breadcrumb":{"@id":"https:\/\/entelekia.cat\/nosaltres\/#breadcrumb"},"inLanguage":"es","potentialAction":[{"@type":"ReadAction","target":["https:\/\/entelekia.cat\/nosaltres\/"]}]},{"@type":"ImageObject","inLanguage":"es","@id":"https:\/\/entelekia.cat\/nosaltres\/#primaryimage","url":"https:\/\/entelekia.cat\/wp-content\/uploads\/2024\/02\/favicon-invers.png","contentUrl":"https:\/\/entelekia.cat\/wp-content\/uploads\/2024\/02\/favicon-invers.png","width":600,"height":600},{"@type":"BreadcrumbList","@id":"https:\/\/entelekia.cat\/nosaltres\/#breadcrumb","itemListElement":[{"@type":"ListItem","position":1,"name":"Inici","item":"https:\/\/entelekia.cat\/"},{"@type":"ListItem","position":2,"name":"Qu\u00ed Som"}]},{"@type":"WebSite","@id":"https:\/\/entelekia.cat\/#website","url":"https:\/\/entelekia.cat\/","name":"Entel\u00e8kia","description":"Estrat\u00e8gia  Digital","publisher":{"@id":"https:\/\/entelekia.cat\/#organization"},"potentialAction":[{"@type":"SearchAction","target":{"@type":"EntryPoint","urlTemplate":"https:\/\/entelekia.cat\/?s={search_term_string}"},"query-input":{"@type":"PropertyValueSpecification","valueRequired":true,"valueName":"search_term_string"}}],"inLanguage":"es"},{"@type":"Organization","@id":"https:\/\/entelekia.cat\/#organization","name":"Entel\u00e8kia","url":"https:\/\/entelekia.cat\/","logo":{"@type":"ImageObject","inLanguage":"es","@id":"https:\/\/entelekia.cat\/#\/schema\/logo\/image\/","url":"https:\/\/entelekia.cat\/wp-content\/uploads\/2024\/02\/Logo_sensesombra.png","contentUrl":"https:\/\/entelekia.cat\/wp-content\/uploads\/2024\/02\/Logo_sensesombra.png","width":828,"height":228,"caption":"Entel\u00e8kia"},"image":{"@id":"https:\/\/entelekia.cat\/#\/schema\/logo\/image\/"},"sameAs":["https:\/\/x.com\/entelekiacat","https:\/\/www.instagram.com\/entelekia.cat\/","https:\/\/www.linkedin.com\/in\/entelekia"]}]}},"_links":{"self":[{"href":"https:\/\/entelekia.cat\/es\/wp-json\/wp\/v2\/pages\/1369","targetHints":{"allow":["GET"]}}],"collection":[{"href":"https:\/\/entelekia.cat\/es\/wp-json\/wp\/v2\/pages"}],"about":[{"href":"https:\/\/entelekia.cat\/es\/wp-json\/wp\/v2\/types\/page"}],"author":[{"embeddable":true,"href":"https:\/\/entelekia.cat\/es\/wp-json\/wp\/v2\/users\/1"}],"replies":[{"embeddable":true,"href":"https:\/\/entelekia.cat\/es\/wp-json\/wp\/v2\/comments?post=1369"}],"version-history":[{"count":40,"href":"https:\/\/entelekia.cat\/es\/wp-json\/wp\/v2\/pages\/1369\/revisions"}],"predecessor-version":[{"id":1493,"href":"https:\/\/entelekia.cat\/es\/wp-json\/wp\/v2\/pages\/1369\/revisions\/1493"}],"wp:featuredmedia":[{"embeddable":true,"href":"https:\/\/entelekia.cat\/es\/wp-json\/wp\/v2\/media\/10"}],"wp:attachment":[{"href":"https:\/\/entelekia.cat\/es\/wp-json\/wp\/v2\/media?parent=1369"}],"curies":[{"name":"wp","href":"https:\/\/api.w.org\/{rel}","templated":true}]}}